{"id":94,"date":"2025-10-16T09:40:50","date_gmt":"2025-10-16T09:40:50","guid":{"rendered":"http:\/\/wordpress.blitzschutz-brenner.de\/index.php\/willkommen-auf-der-webseite-von-blitzschutz-brenners-webseite\/"},"modified":"2025-10-16T11:46:55","modified_gmt":"2025-10-16T09:46:55","slug":"willkommen-auf-der-webseite-von-blitzschutz-brenners-webseite","status":"publish","type":"page","link":"https:\/\/wordpress.blitzschutz-brenner.de\/index.php\/willkommen-auf-der-webseite-von-blitzschutz-brenners-webseite\/","title":{"rendered":"Willkommen auf der Webseite von &#8211; blitzschutz-brenners Webseite!"},"content":{"rendered":"<div id=\"cc-inner\" class=\"cc-content-parent\">\n<p><input id=\"jtpl-mobile-navigation__checkbox\" class=\"jtpl-mobile-navigation__checkbox\" type=\"checkbox\" \/><!-- _main.sass --><\/p>\n<div class=\"jtpl-main cc-content-parent\">\n<p><!-- _background-area.sass --><\/p>\n<div class=\"jtpl-background-area\"><\/div>\n<p><!-- END _background-area.sass --><!-- _top-bar.sass --><\/p>\n<div class=\"jtpl-top-bar navigation-colors\"><!-- _navigation.sass --><br \/>\n<label class=\"jtpl-mobile-navigation__label navigation-colors--transparency\" for=\"jtpl-mobile-navigation__checkbox\"><\/p>\n<p><\/label><br \/>\n<!-- END _navigation.sass --><\/div>\n<p><!-- END _top-bar.sass --><\/p>\n<p><!-- _mobile-navigation.sass --><\/p>\n<nav class=\"jtpl-mobile-navigation navigation-colors navigation-colors--transparency\">\n<div data-container=\"navigation\">\n<div class=\"j-nav-variant-nested\">\n<ul class=\"cc-nav-level-0 j-nav-level-0\">\n<li id=\"cc-nav-view-2579819334\" class=\"jmd-nav__list-item-0 cc-nav-current j-nav-current jmd-nav__item--current\"><a class=\"cc-nav-current j-nav-current jmd-nav__link--current\" href=\"index.html\" data-link-title=\"Start\">Start<\/a><\/li>\n<li id=\"cc-nav-view-2579820134\" class=\"jmd-nav__list-item-0\"><a href=\"%c3%bcber-uns\/index.html\" data-link-title=\"\u00dcber uns\">\u00dcber uns<\/a><\/li>\n<li id=\"cc-nav-view-2579820234\" class=\"jmd-nav__list-item-0\"><a href=\"blitzableiter\/index.html\" data-link-title=\"Blitzableiter\">Blitzableiter<\/a><\/li>\n<li id=\"cc-nav-view-2579820334\" class=\"jmd-nav__list-item-0\"><a href=\"elektrotechnik\/index.html\" data-link-title=\"Elektrotechnik\">Elektrotechnik<\/a><\/li>\n<li id=\"cc-nav-view-2579820434\" class=\"jmd-nav__list-item-0\"><a href=\"kundendienst\/index.html\" data-link-title=\"Kundendienst\">Kundendienst<\/a><\/li>\n<li id=\"cc-nav-view-2579820034\" class=\"jmd-nav__list-item-0\"><a href=\"kontakt\/index.html\" data-link-title=\"Kontakt\">Kontakt<\/a><\/li>\n<\/ul>\n<\/div>\n<\/div>\n<\/nav>\n<p><!-- END _mobile-navigation.sass --><!-- _header.sass --><\/p>\n<header class=\"jtpl-header navigation-colors\">\n<div class=\"jtpl-header__inner alignment-options navigation-vertical-alignment\">\n<div class=\"jtpl-logo\">\n<div id=\"cc-website-logo\" class=\"cc-single-module-element\">\n<div id=\"cc-m-13707754134\" class=\"j-module n j-imageSubtitle\">\n<div class=\"cc-m-image-container\">\n<figure class=\"cc-imagewrapper cc-m-image-align-1\"><a href=\"index.html\" target=\"_self\"><img decoding=\"async\" id=\"cc-m-imagesubtitle-image-13707754134\" class=\"\" src=\"..\/image.jimcdn.com\/app\/cms\/image\/transf\/none\/path\/sd6b11f836e30dbef\/image\/iec35a51a70c260e2\/version\/1568622952\/image.gif\" sizes=\"(min-width: 180px) 180px, 100vw\" srcset=\"https:\/\/image.jimcdn.com\/app\/cms\/image\/transf\/none\/path\/sd6b11f836e30dbef\/image\/iec35a51a70c260e2\/version\/1568622952\/image.gif 180w\" alt=\"\" data-src-width=\"180\" data-src-height=\"92\" data-image-id=\"8543718534\" \/><\/a><\/figure>\n<\/div>\n<div class=\"cc-clear\"><\/div>\n<p><script id=\"cc-m-reg-13707754134\"><![CDATA[\/\/ <![CDATA[\n\n    window.regModule(\"module_imageSubtitle\", {\"data\":{\"imageExists\":true,\"hyperlink\":\"\",\"hyperlink_target\":\"_blank\",\"hyperlinkAsString\":\"\",\"pinterest\":\"0\",\"id\":13707754134,\"widthEqualsContent\":\"1\",\"resizeWidth\":180,\"resizeHeight\":92},\"id\":13707754134});\n\/\/ ]]]]><![CDATA[>\n]]><\/script><\/div>\n<\/div>\n<\/div>\n<p><!-- _navigation.sass --><\/p>\n<nav class=\"jtpl-navigation\">\n<div class=\"jtpl-navigation__inner navigation-alignment\" data-dropdown=\"true\" data-main=\"true\">\n<div data-container=\"navigation\">\n<div class=\"j-nav-variant-nested\">\n<ul class=\"cc-nav-level-0 j-nav-level-0\">\n<li id=\"cc-nav-view-2579819334\" class=\"jmd-nav__list-item-0 cc-nav-current j-nav-current jmd-nav__item--current\"><a class=\"cc-nav-current j-nav-current jmd-nav__link--current\" href=\"index.html\" data-link-title=\"Start\">Start<\/a><\/li>\n<li id=\"cc-nav-view-2579820134\" class=\"jmd-nav__list-item-0\"><a href=\"%c3%bcber-uns\/index.html\" data-link-title=\"\u00dcber uns\">\u00dcber uns<\/a><\/li>\n<li id=\"cc-nav-view-2579820234\" class=\"jmd-nav__list-item-0\"><a href=\"blitzableiter\/index.html\" data-link-title=\"Blitzableiter\">Blitzableiter<\/a><\/li>\n<li id=\"cc-nav-view-2579820334\" class=\"jmd-nav__list-item-0\"><a href=\"elektrotechnik\/index.html\" data-link-title=\"Elektrotechnik\">Elektrotechnik<\/a><\/li>\n<li id=\"cc-nav-view-2579820434\" class=\"jmd-nav__list-item-0\"><a href=\"kundendienst\/index.html\" data-link-title=\"Kundendienst\">Kundendienst<\/a><\/li>\n<li id=\"cc-nav-view-2579820034\" class=\"jmd-nav__list-item-0\"><a href=\"kontakt\/index.html\" data-link-title=\"Kontakt\">Kontakt<\/a><\/li>\n<\/ul>\n<\/div>\n<\/div>\n<\/div>\n<\/nav>\n<p><!-- END _navigation.sass --><\/p>\n<\/div>\n<\/header>\n<div class=\"jtpl-header--image\"><\/div>\n<p><!-- END _header.sass --><\/p>\n<p><!-- _section-main.sass --><\/p>\n<div class=\"jtpl-section-main content-options-box cc-content-parent\">\n<p><!-- _breadcrumb.sass --><\/p>\n<div class=\"jtpl-breadcrumb alignment-options\">\n<div class=\"jtpl-breadcrumb__inner flex-background-options\">\n<div class=\"jtpl-breadcrumb__title-navigation-gutter\"><!-- _section-main.sass --><\/p>\n<div class=\"jtpl-title\">\n<div id=\"cc-website-title\" class=\"cc-single-module-element\">\n<div id=\"cc-m-13707765734\" class=\"j-module n j-header\"><a href=\"index.html\"><span id=\"cc-m-header-13707765734\" class=\"cc-within-single-module-element j-website-title-content\">Blitzschutz brenner<\/span><\/a><\/div>\n<\/div>\n<\/div>\n<p><!-- END _section-main.sass --><\/p>\n<div class=\"jtpl-breadcrumb__navigation breadcrumb-options\">\n<div data-container=\"navigation\">\n<div class=\"j-nav-variant-breadcrumb\">\n<ol>\n<li class=\"cc-nav-current j-nav-current\"><a class=\"cc-nav-current j-nav-current\" href=\"index.html\" data-link-title=\"Start\">Start<\/a><\/li>\n<\/ol>\n<\/div>\n<\/div>\n<\/div>\n<\/div>\n<\/div>\n<\/div>\n<p><!-- END _breadcrumb.sass --><\/p>\n<div class=\"jtpl-content alignment-options content-options-inner cc-content-parent\">\n<div id=\"content_area\" data-container=\"content\">\n<div id=\"content_start\"><\/div>\n<div id=\"cc-matrix-3931998834\">\n<div id=\"cc-m-13707744834\" class=\"j-module n j-header \">\n<h3 id=\"cc-m-header-13707744834\" class=\"\">Willkommen auf der Webseite von<\/h3>\n<\/div>\n<div id=\"cc-m-13707918034\" class=\"j-module n j-header \">\n<h1 id=\"cc-m-header-13707918034\" class=\"\">Blitzschutz Brenner<\/h1>\n<\/div>\n<div id=\"cc-m-13707942234\" class=\"j-module n j-spacing \">\n<div class=\"cc-m-spacer\" style=\"height: 28px;\"><\/div>\n<\/div>\n<div id=\"cc-m-13707744934\" class=\"j-module n j-header \">\n<h3 id=\"cc-m-header-13707744934\" class=\"\">Brenner Meistertechnik\u00a0 &#8211;\u00a0 \u00dcber 60 Jahre Erfahrung in Blitzschutzanlagen<\/h3>\n<\/div>\n<div id=\"cc-m-13707798434\" class=\"j-module n j-spacing \">\n<div class=\"cc-m-spacer\" style=\"height: 45px;\"><\/div>\n<\/div>\n<div id=\"cc-m-13707892234\" class=\"j-module n j-hgrid \">\n<div class=\"cc-m-hgrid-column\" style=\"width: 49%;\">\n<div id=\"cc-matrix-3932061034\">\n<div id=\"cc-m-13707892334\" class=\"j-module n j-imageSubtitle \">\n<figure class=\"cc-imagewrapper cc-m-image-align-1 cc-m-width-maxed\"><img decoding=\"async\" id=\"cc-m-imagesubtitle-image-13707892334\" class=\"\" src=\"..\/image.jimcdn.com\/app\/cms\/image\/transf\/dimension%3d456x10000_format%3dgif\/path\/sd6b11f836e30dbef\/image\/i33a0dc4d5955f3f6\/version\/1568633651\/image.gif\" sizes=\"(min-width: 456px) 456px, 100vw\" srcset=\"https:\/\/image.jimcdn.com\/app\/cms\/image\/transf\/dimension=320x10000:format=gif\/path\/sd6b11f836e30dbef\/image\/i33a0dc4d5955f3f6\/version\/1568633651\/image.gif 320w, https:\/\/image.jimcdn.com\/app\/cms\/image\/transf\/dimension=456x10000:format=gif\/path\/sd6b11f836e30dbef\/image\/i33a0dc4d5955f3f6\/version\/1568633651\/image.gif 456w, https:\/\/image.jimcdn.com\/app\/cms\/image\/transf\/none\/path\/sd6b11f836e30dbef\/image\/i33a0dc4d5955f3f6\/version\/1568633651\/image.gif 459w\" alt=\"\" data-src-width=\"459\" data-src-height=\"353\" data-image-id=\"8543782134\" \/><\/figure>\n<div class=\"cc-clear\"><\/div>\n<p><script id=\"cc-m-reg-13707892334\"><![CDATA[\/\/ <![CDATA[\n\n    window.regModule(\"module_imageSubtitle\", {\"data\":{\"imageExists\":true,\"hyperlink\":\"\",\"hyperlink_target\":\"\",\"hyperlinkAsString\":\"\",\"pinterest\":\"0\",\"id\":13707892334,\"widthEqualsContent\":\"1\",\"resizeWidth\":\"456\",\"resizeHeight\":351},\"id\":13707892334});\n\/\/ ]]]]><![CDATA[>\n]]><\/script><\/div>\n<\/div>\n<\/div>\n<div class=\"cc-m-hgrid-separator\" data-display=\"cms-only\">\n<div><\/div>\n<\/div>\n<div class=\"cc-m-hgrid-column last\" style=\"width: 49%;\">\n<div id=\"cc-matrix-3932061134\">\n<div id=\"cc-m-13707892834\" class=\"j-module n j-spacing \">\n<div class=\"cc-m-spacer\" style=\"height: 23px;\"><\/div>\n<\/div>\n<div id=\"cc-m-13707918534\" class=\"j-module n j-spacing \">\n<div class=\"cc-m-spacer\" style=\"height: 70px;\"><\/div>\n<\/div>\n<div id=\"cc-m-13707892934\" class=\"j-module n j-text \">\n<ul>\n<li>Blitzableiter<\/li>\n<li>Erdungen<\/li>\n<li>Elektrotechnik<\/li>\n<li>\u00dcberspannungsschutz<\/li>\n<li>Pr\u00fcfung<\/li>\n<li>Kundendienst <span style=\"color: #000066; font-family: Verdana; font-size: xx-small;\"><b><br \/>\n<\/b><\/span><\/li>\n<\/ul>\n<\/div>\n<\/div>\n<\/div>\n<div class=\"cc-m-hgrid-overlay\" data-display=\"cms-only\"><\/div>\n<\/div>\n<div id=\"cc-m-13708195034\" class=\"j-module n j-spacing \">\n<div class=\"cc-m-spacer\" style=\"height: 26px;\"><\/div>\n<\/div>\n<div id=\"cc-m-13708190034\" class=\"j-module n j-hr \">\n<hr \/>\n<\/div>\n<div id=\"cc-m-13708189634\" class=\"j-module n j-textWithImage \">\n<figure class=\"cc-imagewrapper cc-m-image-align-1\"><img decoding=\"async\" id=\"cc-m-textwithimage-image-13708189634\" class=\"\" src=\"..\/image.jimcdn.com\/app\/cms\/image\/transf\/none\/path\/sd6b11f836e30dbef\/image\/if31e3228a3a4714d\/version\/1749133776\/image.gif\" sizes=\"(min-width: 259px) 259px, 100vw\" srcset=\"https:\/\/image.jimcdn.com\/app\/cms\/image\/transf\/none\/path\/sd6b11f836e30dbef\/image\/if31e3228a3a4714d\/version\/1749133776\/image.gif 259w\" alt=\"\" data-src-width=\"259\" data-src-height=\"218\" data-image-id=\"8543986134\" \/><\/figure>\n<div>\n<div id=\"cc-m-textwithimage-13708189634\" class=\"cc-m-textwithimage-inline-rte\" data-name=\"text\" data-action=\"text\">\n<p style=\"padding-left: 120px;\">\u00a0 \u00a0 \u00a0 \u00a0\u00a0 <strong>Kontakt<\/strong><\/p>\n<ul style=\"padding-left: 120px;\">\n<li>91634 Wilburgstetten Tel. 09853\/38 99 66 0<\/li>\n<li>73479 Ellwangen\u00a0Tel. 07961\/56 81 81<\/li>\n<li>74564 Crailsheim\u00a0\u00a007951\/96 33 644<\/li>\n<li>91614 M\u00f6nchsroth\u00a0Tel. 09853\/38 72 03<\/li>\n<\/ul>\n<ul style=\"padding-left: 120px;\">\n<li>Funk 1: 0175 41 49 797<\/li>\n<li>Funk 2: 0171 75 75 521<\/li>\n<\/ul>\n<\/div>\n<\/div>\n<div class=\"cc-clear\"><\/div>\n<p><script id=\"cc-m-reg-13708189634\"><![CDATA[\/\/ <![CDATA[\n\n    window.regModule(\"module_textWithImage\", {\"data\":{\"imageExists\":true,\"hyperlink\":\"\",\"hyperlink_target\":\"\",\"hyperlinkAsString\":\"\",\"pinterest\":\"0\",\"id\":13708189634,\"widthEqualsContent\":\"0\",\"resizeWidth\":259,\"resizeHeight\":218},\"id\":13708189634});\n\/\/ ]]]]><![CDATA[>\n]]><\/script><\/div>\n<div id=\"cc-m-13708189834\" class=\"j-module n j-hr \">\n<hr \/>\n<\/div>\n<\/div>\n<\/div>\n<\/div>\n<p><!-- END _section-main.sass --><\/p>\n<\/div>\n<p><!-- _section-aside.sass --><\/p>\n<div class=\"jtpl-section-aside\">\n<aside class=\"jtpl-sidebar sidebar-options\">\n<div class=\"jtpl-sidebar__inner alignment-options\">\n<div data-container=\"sidebar\">\n<div id=\"cc-matrix-3932002934\">\n<div id=\"cc-m-13707799334\" class=\"j-module n j-text \">\n<p><span style=\"color: #033663;\">\u00a0<\/span><\/p>\n<p><span style=\"color: #033663;\">\u00a0Blitzschutz Brenner \u00a0 *\u00a0\u00a0 Burgringstra\u00dfe 1\u00a0 *\u00a0 91634 Wilburgstetten\u00a0 *\u00a0 Telefon: 09853-3899660\u00a0 *\u00a0 mobil:<\/span><br \/>\n<span style=\"color: #033663;\">0175-414 97 97<\/span><\/p>\n<\/div>\n<\/div>\n<\/div>\n<\/div>\n<\/aside>\n<footer class=\"jtpl-footer footer-options\">\n<div class=\"jtpl-footer__inner alignment-options\">\n<div id=\"contentfooter\" data-container=\"footer\">\n<div class=\"j-meta-links\"><a href=\"about\/index.html\">Impressum<\/a> | <a href=\"j\/privacy.html\">Datenschutz<\/a> | <a href=\"sitemap\/index.html\">Sitemap<\/a><br \/>\n\u00a92006-2025 Blitzschutz Brenner<\/div>\n<\/div>\n<\/div>\n<\/footer>\n<\/div>\n<\/div>\n<\/div>\n<p><noscript><iframe loading=\"lazy\" src=\"https:\/\/www.googletagmanager.com\/ns.html?id=GTM-WDBL3P\" height=\"0\" width=\"0\" style=\"display:none;visibility:hidden\"\/><\/noscript><\/p>\n","protected":false},"excerpt":{"rendered":"<p>Start \u00dcber uns Blitzableiter Elektrotechnik Kundendienst Kontakt Start \u00dcber uns Blitzableiter Elektrotechnik Kundendienst Kontakt Blitzschutz brenner Start Willkommen auf der Webseite von Blitzschutz Brenner Brenner Meistertechnik\u00a0 &#8211;\u00a0 \u00dcber 60 Jahre Erfahrung in Blitzschutzanlagen Blitzableiter Erdungen Elektrotechnik \u00dcberspannungsschutz Pr\u00fcfung Kundendienst \u00a0 \u00a0 \u00a0 \u00a0\u00a0 Kontakt 91634 Wilburgstetten Tel. 09853\/38 99 66 0 73479 Ellwangen\u00a0Tel. 07961\/56 81 [&hellip;]<\/p>\n","protected":false},"author":1,"featured_media":0,"parent":0,"menu_order":0,"comment_status":"closed","ping_status":"closed","template":"","meta":{"footnotes":""},"class_list":["post-94","page","type-page","status-publish","hentry"],"_links":{"self":[{"href":"https:\/\/wordpress.blitzschutz-brenner.de\/index.php\/wp-json\/wp\/v2\/pages\/94","targetHints":{"allow":["GET"]}}],"collection":[{"href":"https:\/\/wordpress.blitzschutz-brenner.de\/index.php\/wp-json\/wp\/v2\/pages"}],"about":[{"href":"https:\/\/wordpress.blitzschutz-brenner.de\/index.php\/wp-json\/wp\/v2\/types\/page"}],"author":[{"embeddable":true,"href":"https:\/\/wordpress.blitzschutz-brenner.de\/index.php\/wp-json\/wp\/v2\/users\/1"}],"replies":[{"embeddable":true,"href":"https:\/\/wordpress.blitzschutz-brenner.de\/index.php\/wp-json\/wp\/v2\/comments?post=94"}],"version-history":[{"count":2,"href":"https:\/\/wordpress.blitzschutz-brenner.de\/index.php\/wp-json\/wp\/v2\/pages\/94\/revisions"}],"predecessor-version":[{"id":97,"href":"https:\/\/wordpress.blitzschutz-brenner.de\/index.php\/wp-json\/wp\/v2\/pages\/94\/revisions\/97"}],"wp:attachment":[{"href":"https:\/\/wordpress.blitzschutz-brenner.de\/index.php\/wp-json\/wp\/v2\/media?parent=94"}],"curies":[{"name":"wp","href":"https:\/\/api.w.org\/{rel}","templated":true}]}}